{"id":80,"date":"2011-10-31T19:50:56","date_gmt":"2011-10-31T19:50:56","guid":{"rendered":"http:\/\/instalex-tychy.pl\/?page_id=80"},"modified":"2025-01-13T01:22:32","modified_gmt":"2025-01-12T23:22:32","slug":"przedstawicielstwo","status":"publish","type":"page","link":"https:\/\/instalex-tychy.pl\/?page_id=80","title":{"rendered":"G\u0142\u00f3wni odbiorcy"},"content":{"rendered":"<p><!--:pl--><\/p>\n<h2 style=\"text-align: center;\">OPCO Sp. z o.o. z siedzib\u0105 w Warszawie<\/h2>\n<h2 style=\"text-align: center;\">TP S.A. Katowice<\/h2>\n<h2 style=\"text-align: center;\">ZEC S.A. Katowice<\/h2>\n<h2 style=\"text-align: center;\">TAURON- Ciep\u0142o S.A. Katowice<\/h2>\n<h2 style=\"text-align: center;\">Energoterm<\/h2>\n<h2 style=\"text-align: center;\">AHIS<\/h2>\n<p><!--:--><!--:en--><\/p>\n<h2 style=\"text-align: center;\">OPCO Sp. z o.o. z siedzib\u0105 w Warszawie<\/h2>\n<h2 style=\"text-align: center;\">TP S.A. Katowice<\/h2>\n<h2 style=\"text-align: center;\">ZEC S.A. Katowice<\/h2>\n<h2 style=\"text-align: center;\">TAURON- Ciep\u0142o S.A. Katowice<\/h2>\n<h2 style=\"text-align: center;\">Energoterm<\/h2>\n<h2 style=\"text-align: center;\">AHIS<\/h2>\n<p><!--:--><\/p>\n","protected":false},"excerpt":{"rendered":"<p>OPCO Sp. z o.o. z siedzib\u0105 w Warszawie TP S.A. Katowice ZEC S.A. Katowice TAURON- Ciep\u0142o S.A. Katowice Energoterm AHIS OPCO Sp. z o.o. z siedzib\u0105 w Warszawie TP S.A. Katowice ZEC S.A. Katowice TAURON- Ciep\u0142o S.A. Katowice Energoterm AHIS<\/p>\n","protected":false},"author":1,"featured_media":0,"parent":0,"menu_order":0,"comment_status":"closed","ping_status":"closed","template":"","meta":{"footnotes":""},"class_list":["post-80","page","type-page","status-publish","hentry"],"_links":{"self":[{"href":"https:\/\/instalex-tychy.pl\/index.php?rest_route=\/wp\/v2\/pages\/80","targetHints":{"allow":["GET"]}}],"collection":[{"href":"https:\/\/instalex-tychy.pl\/index.php?rest_route=\/wp\/v2\/pages"}],"about":[{"href":"https:\/\/instalex-tychy.pl\/index.php?rest_route=\/wp\/v2\/types\/page"}],"author":[{"embeddable":true,"href":"https:\/\/instalex-tychy.pl\/index.php?rest_route=\/wp\/v2\/users\/1"}],"replies":[{"embeddable":true,"href":"https:\/\/instalex-tychy.pl\/index.php?rest_route=%2Fwp%2Fv2%2Fcomments&post=80"}],"version-history":[{"count":9,"href":"https:\/\/instalex-tychy.pl\/index.php?rest_route=\/wp\/v2\/pages\/80\/revisions"}],"predecessor-version":[{"id":318,"href":"https:\/\/instalex-tychy.pl\/index.php?rest_route=\/wp\/v2\/pages\/80\/revisions\/318"}],"wp:attachment":[{"href":"https:\/\/instalex-tychy.pl\/index.php?rest_route=%2Fwp%2Fv2%2Fmedia&parent=80"}],"curies":[{"name":"wp","href":"https:\/\/api.w.org\/{rel}","templated":true}]}}