{"id":8,"date":"2011-10-31T14:15:20","date_gmt":"2011-10-31T14:15:20","guid":{"rendered":"http:\/\/instalex-tychy.pl\/?page_id=8"},"modified":"2025-01-13T01:36:46","modified_gmt":"2025-01-12T23:36:46","slug":"strona-glowna","status":"publish","type":"page","link":"https:\/\/instalex-tychy.pl\/","title":{"rendered":"Witamy na stronie firmy INSTALEX-TYCHY"},"content":{"rendered":"<p><!--:pl--><\/p>\n<h2 style=\"margin-left: 40px;\"><span>Tradycja i do\u015bwiadczenie<\/span><\/h2>\n<p><a href=\"http:\/\/instalex-tychy.pl\/wp-content\/uploads\/2011\/10\/96747-1-1.jpg\"><img loading=\"lazy\" decoding=\"async\" class=\"alignright size-thumbnail wp-image-116\" title=\"96747-1-1\" src=\"http:\/\/instalex-tychy.pl\/wp-content\/uploads\/2011\/10\/96747-1-1-200x122.jpg\" alt=\"\" width=\"200\" height=\"122\" srcset=\"https:\/\/instalex-tychy.pl\/wp-content\/uploads\/2011\/10\/96747-1-1-200x122.jpg 200w, https:\/\/instalex-tychy.pl\/wp-content\/uploads\/2011\/10\/96747-1-1.jpg 415w\" sizes=\"auto, (max-width: 200px) 100vw, 200px\" \/><\/a>Nasze Przedsi\u0119biorstwo INSTALEX dzia\u0142a na rynku lokalnym oraz og\u00f3lnopolskim od roku 1992. Specjalizujemy si\u0119 w monta\u017cach i remontach sieci cieplnych oraz instalacji grzewczych r\u00f3\u017cnego typu. Wykonujemy nowoczesne kot\u0142ownie oraz modernizujemy stare o profilu przemys\u0142owym wraz z towarzysz\u0105cym temu monta\u017cem instalacji wewn\u0119trznych i pracami remontowo -budowlanymi.<\/p>\n<p>Zapewniamy kompleksowe us\u0142ugi pocz\u0105wszy od wykonania projektu, poprzez dostaw\u0119 materia\u0142\u00f3w, monta\u017c, a tak\u017ce p\u00f3\u017aniejszy serwis. Jeste\u015bmy przedstawicielem takich renomowanych firm jak: Weishaupt, Viessmann i Buderus, kt\u00f3re zd\u0105\u017cy\u0142y ju\u017c zdoby\u0107 zaufanie polskich klient\u00f3w. Stale wsp\u00f3\u0142pracujemy r\u00f3wnie\u017c z firm\u0105 Energoterm.<\/p>\n<h2 style=\"margin-left: 40px;\">Otwarci na oczekiwania klient\u00f3w<\/h2>\n<p>Do\u015bwiadczenie, jakie uda\u0142o nam si\u0119 zdoby\u0107 w trakcie dw\u00f3ch dekad funkcjonowania na rynku, pozwoli\u0142o nam pozna\u0107 dok\u0142adnie r\u00f3\u017cnorodne potrzeby i oczekiwania naszych klient\u00f3w, dzi\u0119ki czemu mo\u017cemy dzi\u015b proponowa\u0107 im sprz\u0119t i us\u0142ugi dopasowane do ich indywidualnych wymaga\u0144.<\/p>\n<h2 style=\"margin-left: 40px;\">Wykwalifikowana kadra<\/h2>\n<p>Naszym atutem s\u0105 ludzie. Wykwalifikowana kadra najwy\u017cszej klasy specjalist\u00f3w gwarantuje dostarczanie najwy\u017cszej jako\u015bci us\u0142ug. Szczeg\u00f3\u0142owe informacje dotycz\u0105ce zagadnie\u0144 technicznych oraz praktycznych rozwi\u0105za\u0144 zostan\u0105 Pa\u0144stwu przekazane w spos\u00f3b fachowy i w pe\u0142ni klarowny. Dysponujemy tak\u017ce nowoczesnym sprz\u0119tem ci\u0119\u017ckim, elektromechanicznym oraz narz\u0119dziowym. Dzi\u0119ki sekcjom grup specjalist\u00f3w bran\u017cy budowlano- instalatorskiej pracuj\u0105cych w terenie zapewniamy szybkie dotarcie do klienta i rozwi\u0105zanie problem\u00f3w technicznych.<\/p>\n<h2 style=\"margin-left: 40px;\">Produkty i us\u0142ugi<\/h2>\n<p>Proponujemy Pa\u0144stwu szeroki dob\u00f3r produkt\u00f3w oraz us\u0142ug, spe\u0142niaj\u0105cych oczekiwania najbardziej wymagaj\u0105cych klient\u00f3w. Bez w\u0105tpienia uda si\u0119 Pa\u0144stwu dobra\u0107 te, najlepiej spe\u0142niaj\u0105ce wasze oczekiwania. Zapraszamy do szczeg\u00f3\u0142owego zapoznania si\u0119 z nasz\u0105 ofert\u0105.<\/p>\n<h2 style=\"margin-left: 40px;\">Troska o \u015brodowisko<\/h2>\n<p>W szerokiej ofercie Przedsi\u0119biorstwa INSTALEX technika kondensacyjna Weishaupt zajmuje miejsce szczeg\u00f3lne. Jest ona szczeg\u00f3lnie efektywna, sprzyja oszcz\u0119dno\u015bci paliwa i zapewnia niski poziom emisji substancji szkodliwych. Kot\u0142y kondensacyjne to rozwi\u0105zanie kt\u00f3re r\u00f3wnie\u017c w Polsce zyskuje coraz wi\u0119ksze rzesze zwolennik\u00f3w. Proponujemy Pa\u0144stwu system, kt\u00f3ry wykorzystuje energi\u0119 s\u0142oneczn\u0105 do odgrzewania wody u\u017cytkowej oraz do wspomagania ogrzewania. Technika kolektor\u00f3w s\u0142onecznych Weishaupt oraz innowacyjna technika grzewcza Weishaupt tworz\u0105 idealnie zgrany zesp\u00f3\u0142.<\/p>\n<h1 style=\"text-align: center;\">JESTE\u015aMY DO PA\u0143STWA US\u0141UG<\/h1>\n<p><!--:--><\/p>\n","protected":false},"excerpt":{"rendered":"<p>Tradycja i do\u015bwiadczenie Nasze Przedsi\u0119biorstwo INSTALEX dzia\u0142a na rynku lokalnym oraz og\u00f3lnopolskim od roku 1992. Specjalizujemy si\u0119 w monta\u017cach i remontach sieci cieplnych oraz instalacji grzewczych r\u00f3\u017cnego typu. Wykonujemy nowoczesne kot\u0142ownie oraz modernizujemy stare o profilu przemys\u0142owym wraz z towarzysz\u0105cym temu monta\u017cem instalacji wewn\u0119trznych i pracami remontowo -budowlanymi. Zapewniamy kompleksowe us\u0142ugi pocz\u0105wszy od wykonania projektu,&#8230;<\/p>\n","protected":false},"author":1,"featured_media":0,"parent":0,"menu_order":0,"comment_status":"open","ping_status":"closed","template":"","meta":{"footnotes":""},"class_list":["post-8","page","type-page","status-publish","hentry"],"_links":{"self":[{"href":"https:\/\/instalex-tychy.pl\/index.php?rest_route=\/wp\/v2\/pages\/8","targetHints":{"allow":["GET"]}}],"collection":[{"href":"https:\/\/instalex-tychy.pl\/index.php?rest_route=\/wp\/v2\/pages"}],"about":[{"href":"https:\/\/instalex-tychy.pl\/index.php?rest_route=\/wp\/v2\/types\/page"}],"author":[{"embeddable":true,"href":"https:\/\/instalex-tychy.pl\/index.php?rest_route=\/wp\/v2\/users\/1"}],"replies":[{"embeddable":true,"href":"https:\/\/instalex-tychy.pl\/index.php?rest_route=%2Fwp%2Fv2%2Fcomments&post=8"}],"version-history":[{"count":32,"href":"https:\/\/instalex-tychy.pl\/index.php?rest_route=\/wp\/v2\/pages\/8\/revisions"}],"predecessor-version":[{"id":349,"href":"https:\/\/instalex-tychy.pl\/index.php?rest_route=\/wp\/v2\/pages\/8\/revisions\/349"}],"wp:attachment":[{"href":"https:\/\/instalex-tychy.pl\/index.php?rest_route=%2Fwp%2Fv2%2Fmedia&parent=8"}],"curies":[{"name":"wp","href":"https:\/\/api.w.org\/{rel}","templated":true}]}}