{"id":24,"date":"2011-10-31T14:21:16","date_gmt":"2011-10-31T14:21:16","guid":{"rendered":"http:\/\/instalex-tychy.pl\/?page_id=24"},"modified":"2025-01-13T01:28:39","modified_gmt":"2025-01-12T23:28:39","slug":"iniekcja","status":"publish","type":"page","link":"https:\/\/instalex-tychy.pl\/?page_id=24","title":{"rendered":"Instalacje elektryczne"},"content":{"rendered":"<p><!--:pl--><\/p>\n<ul>\n<li>\n<p style=\"margin-bottom: 0cm; font-weight: normal;\">Projektowanie i wykonywanie zewn\u0119trznych sieci kablowych \u015bredniego i niskiego napi\u0119cia<\/p>\n<\/li>\n<li>\n<p style=\"margin-bottom: 0cm;\"><span style=\"font-weight: normal;\">Wykonywanie, monta\u017c i pomiary instalacji elektrycznych<\/span><\/p>\n<\/li>\n<li>\n<p style=\"margin-bottom: 0cm;\"><span style=\"font-weight: normal;\">Wykonywanie kompletnych szaf elektrycznych i AKPiA<\/span><\/p>\n<\/li>\n<li>\n<p style=\"margin-bottom: 0cm;\"><span style=\"font-weight: normal;\">Wykonywanie sieci \u015bwiat\u0142owodowych<\/span><\/p>\n<\/li>\n<\/ul>\n","protected":false},"excerpt":{"rendered":"<p>Projektowanie i wykonywanie zewn\u0119trznych sieci kablowych \u015bredniego i niskiego napi\u0119cia Wykonywanie, monta\u017c i pomiary instalacji elektrycznych Wykonywanie kompletnych szaf elektrycznych i AKPiA Wykonywanie sieci \u015bwiat\u0142owodowych<\/p>\n","protected":false},"author":1,"featured_media":0,"parent":0,"menu_order":0,"comment_status":"open","ping_status":"closed","template":"","meta":{"footnotes":""},"class_list":["post-24","page","type-page","status-publish","hentry"],"_links":{"self":[{"href":"https:\/\/instalex-tychy.pl\/index.php?rest_route=\/wp\/v2\/pages\/24","targetHints":{"allow":["GET"]}}],"collection":[{"href":"https:\/\/instalex-tychy.pl\/index.php?rest_route=\/wp\/v2\/pages"}],"about":[{"href":"https:\/\/instalex-tychy.pl\/index.php?rest_route=\/wp\/v2\/types\/page"}],"author":[{"embeddable":true,"href":"https:\/\/instalex-tychy.pl\/index.php?rest_route=\/wp\/v2\/users\/1"}],"replies":[{"embeddable":true,"href":"https:\/\/instalex-tychy.pl\/index.php?rest_route=%2Fwp%2Fv2%2Fcomments&post=24"}],"version-history":[{"count":7,"href":"https:\/\/instalex-tychy.pl\/index.php?rest_route=\/wp\/v2\/pages\/24\/revisions"}],"predecessor-version":[{"id":339,"href":"https:\/\/instalex-tychy.pl\/index.php?rest_route=\/wp\/v2\/pages\/24\/revisions\/339"}],"wp:attachment":[{"href":"https:\/\/instalex-tychy.pl\/index.php?rest_route=%2Fwp%2Fv2%2Fmedia&parent=24"}],"curies":[{"name":"wp","href":"https:\/\/api.w.org\/{rel}","templated":true}]}}